{"id":143,"date":"2026-04-15T22:06:02","date_gmt":"2026-04-15T22:06:02","guid":{"rendered":"https:\/\/demoformyclientsss.com.ng\/?page_id=143"},"modified":"2026-04-28T13:52:02","modified_gmt":"2026-04-28T13:52:02","slug":"elementor-143","status":"publish","type":"page","link":"https:\/\/demoformyclientsss.com.ng\/","title":{"rendered":"dasboard"},"content":{"rendered":"\t\t<div data-elementor-type=\"wp-page\" data-elementor-id=\"143\" class=\"elementor elementor-143\">\n\t\t\t\t\t\t<section class=\"elementor-section elementor-top-section elementor-element elementor-element-9e0db56 elementor-section-boxed elementor-section-height-default elementor-section-height-default\" data-id=\"9e0db56\" data-element_type=\"section\" data-e-type=\"section\">\n\t\t\t\t\t\t<div class=\"elementor-container elementor-column-gap-default\">\n\t\t\t\t\t<div class=\"elementor-column elementor-col-100 elementor-top-column elementor-element elementor-element-6ef948f\" data-id=\"6ef948f\" data-element_type=\"column\" data-e-type=\"column\">\n\t\t\t<div class=\"elementor-widget-wrap elementor-element-populated\">\n\t\t\t\t\t\t<div class=\"elementor-element elementor-element-a4915e8 elementor-widget elementor-widget-image\" data-id=\"a4915e8\" data-element_type=\"widget\" data-e-type=\"widget\" data-widget_type=\"image.default\">\n\t\t\t\t\t\t\t\t\t\t\t\t\t\t\t\t<a href=\"https:\/\/demoformyclientsss.com.ng\/index.php\/elementor-254\/\">\n\t\t\t\t\t\t\t<img fetchpriority=\"high\" decoding=\"async\" width=\"409\" height=\"587\" src=\"https:\/\/demoformyclientsss.com.ng\/wp-content\/uploads\/2026\/04\/IMG-20260418-WA0003.jpg\" class=\"attachment-large size-large wp-image-256\" alt=\"\" srcset=\"https:\/\/demoformyclientsss.com.ng\/wp-content\/uploads\/2026\/04\/IMG-20260418-WA0003.jpg 409w, https:\/\/demoformyclientsss.com.ng\/wp-content\/uploads\/2026\/04\/IMG-20260418-WA0003-209x300.jpg 209w\" sizes=\"(max-width: 409px) 100vw, 409px\" \/>\t\t\t\t\t\t\t\t<\/a>\n\t\t\t\t\t\t\t\t\t\t\t\t\t\t\t<\/div>\n\t\t\t\t\t<\/div>\n\t\t<\/div>\n\t\t\t\t\t<\/div>\n\t\t<\/section>\n\t\t\t\t<section class=\"elementor-section elementor-top-section elementor-element elementor-element-169bc5e9 elementor-section-boxed elementor-section-height-default elementor-section-height-default\" data-id=\"169bc5e9\" data-element_type=\"section\" data-e-type=\"section\">\n\t\t\t\t\t\t<div class=\"elementor-container elementor-column-gap-default\">\n\t\t\t\t\t<div class=\"elementor-column elementor-col-100 elementor-top-column elementor-element elementor-element-6a897fad\" data-id=\"6a897fad\" data-element_type=\"column\" data-e-type=\"column\">\n\t\t\t<div class=\"elementor-widget-wrap elementor-element-populated\">\n\t\t\t\t\t\t<section class=\"elementor-section elementor-inner-section elementor-element elementor-element-699392c0 elementor-section-boxed elementor-section-height-default elementor-section-height-default\" data-id=\"699392c0\" data-element_type=\"section\" data-e-type=\"section\">\n\t\t\t\t\t\t<div class=\"elementor-container elementor-column-gap-default\">\n\t\t\t\t\t<div class=\"elementor-column elementor-col-50 elementor-inner-column elementor-element elementor-element-48789ff2\" data-id=\"48789ff2\" data-element_type=\"column\" data-e-type=\"column\">\n\t\t\t<div class=\"elementor-widget-wrap elementor-element-populated\">\n\t\t\t\t\t\t<div class=\"elementor-element elementor-element-258ea0e2 elementor-widget elementor-widget-image\" data-id=\"258ea0e2\" data-element_type=\"widget\" data-e-type=\"widget\" data-widget_type=\"image.default\">\n\t\t\t\t\t\t\t\t\t\t\t\t\t\t\t<img decoding=\"async\" width=\"800\" height=\"162\" src=\"https:\/\/demoformyclientsss.com.ng\/wp-content\/uploads\/2026\/04\/main-logo-1024x207.jpg\" class=\"attachment-large size-large wp-image-93\" alt=\"\" srcset=\"https:\/\/demoformyclientsss.com.ng\/wp-content\/uploads\/2026\/04\/main-logo-1024x207.jpg 1024w, https:\/\/demoformyclientsss.com.ng\/wp-content\/uploads\/2026\/04\/main-logo-300x61.jpg 300w, https:\/\/demoformyclientsss.com.ng\/wp-content\/uploads\/2026\/04\/main-logo-768x155.jpg 768w, https:\/\/demoformyclientsss.com.ng\/wp-content\/uploads\/2026\/04\/main-logo.jpg 1380w\" sizes=\"(max-width: 800px) 100vw, 800px\" \/>\t\t\t\t\t\t\t\t\t\t\t\t\t\t\t<\/div>\n\t\t\t\t\t<\/div>\n\t\t<\/div>\n\t\t\t\t<div class=\"elementor-column elementor-col-50 elementor-inner-column elementor-element elementor-element-214703aa\" data-id=\"214703aa\" data-element_type=\"column\" data-e-type=\"column\">\n\t\t\t<div class=\"elementor-widget-wrap\">\n\t\t\t\t\t\t\t<\/div>\n\t\t<\/div>\n\t\t\t\t\t<\/div>\n\t\t<\/section>\n\t\t\t\t<div class=\"elementor-element elementor-element-32edb63a elementor-widget elementor-widget-text-editor\" data-id=\"32edb63a\" data-element_type=\"widget\" data-e-type=\"widget\" data-widget_type=\"text-editor.default\">\n\t\t\t\t\t\t\t\t\t<p>Willkommen Sasha<\/p>\t\t\t\t\t\t\t\t<\/div>\n\t\t\t\t\t<\/div>\n\t\t<\/div>\n\t\t\t\t\t<\/div>\n\t\t<\/section>\n\t\t\t\t<section class=\"elementor-section elementor-top-section elementor-element elementor-element-1383c33 elementor-section-boxed elementor-section-height-default elementor-section-height-default\" data-id=\"1383c33\" data-element_type=\"section\" data-e-type=\"section\">\n\t\t\t\t\t\t<div class=\"elementor-container elementor-column-gap-default\">\n\t\t\t\t\t<div class=\"elementor-column elementor-col-100 elementor-top-column elementor-element elementor-element-73065ab\" data-id=\"73065ab\" data-element_type=\"column\" data-e-type=\"column\">\n\t\t\t<div class=\"elementor-widget-wrap\">\n\t\t\t\t\t\t\t<\/div>\n\t\t<\/div>\n\t\t\t\t\t<\/div>\n\t\t<\/section>\n\t\t\t\t<section class=\"elementor-section elementor-top-section elementor-element elementor-element-c751ea4 elementor-section-boxed elementor-section-height-default elementor-section-height-default\" data-id=\"c751ea4\" data-element_type=\"section\" data-e-type=\"section\">\n\t\t\t\t\t\t<div class=\"elementor-container elementor-column-gap-default\">\n\t\t\t\t\t<div class=\"elementor-column elementor-col-100 elementor-top-column elementor-element elementor-element-3c39919\" data-id=\"3c39919\" data-element_type=\"column\" data-e-type=\"column\">\n\t\t\t<div class=\"elementor-widget-wrap elementor-element-populated\">\n\t\t\t\t\t\t<div class=\"elementor-element elementor-element-278a1d5 elementor-widget elementor-widget-html\" data-id=\"278a1d5\" data-element_type=\"widget\" data-e-type=\"widget\" data-widget_type=\"html.default\">\n\t\t\t\t\t<script type=\"module\" src=\"https:\/\/widgets.tradingview-widget.com\/w\/en\/tv-ticker-tape.js\"><\/script>\r\n\r\n<tv-ticker-tape symbols=\"FOREXCOM:SPXUSD,FOREXCOM:NSXUSD,FOREXCOM:DJI,FX:EURUSD,BITSTAMP:BTCUSD,BITSTAMP:ETHUSD,CMCMARKETS:GOLD\"><\/tv-ticker-tape>\t\t\t\t<\/div>\n\t\t\t\t\t<\/div>\n\t\t<\/div>\n\t\t\t\t\t<\/div>\n\t\t<\/section>\n\t\t\t\t<section class=\"elementor-section elementor-top-section elementor-element elementor-element-7684ba7e elementor-section-boxed elementor-section-height-default elementor-section-height-default\" data-id=\"7684ba7e\" data-element_type=\"section\" data-e-type=\"section\">\n\t\t\t\t\t\t<div class=\"elementor-container elementor-column-gap-default\">\n\t\t\t\t\t<div class=\"elementor-column elementor-col-100 elementor-top-column elementor-element elementor-element-1e0438c2\" data-id=\"1e0438c2\" data-element_type=\"column\" data-e-type=\"column\" data-settings=\"{&quot;background_background&quot;:&quot;classic&quot;}\">\n\t\t\t<div class=\"elementor-widget-wrap elementor-element-populated\">\n\t\t\t\t\t\t<div class=\"elementor-element elementor-element-7b71b156 elementor-widget elementor-widget-text-editor\" data-id=\"7b71b156\" data-element_type=\"widget\" data-e-type=\"widget\" data-widget_type=\"text-editor.default\">\n\t\t\t\t\t\t\t\t\t<p>Konto<\/p>\t\t\t\t\t\t\t\t<\/div>\n\t\t\t\t<div class=\"elementor-element elementor-element-782fce17 elementor-widget elementor-widget-text-editor\" data-id=\"782fce17\" data-element_type=\"widget\" data-e-type=\"widget\" data-widget_type=\"text-editor.default\">\n\t\t\t\t\t\t\t\t\t<p>Kontoinhaber: Sasha Sim\u00f3n<\/p>\t\t\t\t\t\t\t\t<\/div>\n\t\t\t\t<div class=\"elementor-element elementor-element-6e4dd9ac elementor-widget elementor-widget-text-editor\" data-id=\"6e4dd9ac\" data-element_type=\"widget\" data-e-type=\"widget\" data-widget_type=\"text-editor.default\">\n\t\t\t\t\t\t\t\t\t<p>Kontonummer: 681837725<\/p>\t\t\t\t\t\t\t\t<\/div>\n\t\t\t\t\t<\/div>\n\t\t<\/div>\n\t\t\t\t\t<\/div>\n\t\t<\/section>\n\t\t\t\t<section class=\"elementor-section elementor-top-section elementor-element elementor-element-4414822a elementor-section-boxed elementor-section-height-default elementor-section-height-default\" data-id=\"4414822a\" data-element_type=\"section\" data-e-type=\"section\">\n\t\t\t\t\t\t<div class=\"elementor-container elementor-column-gap-default\">\n\t\t\t\t\t<div class=\"elementor-column elementor-col-100 elementor-top-column elementor-element elementor-element-3c0751ff\" data-id=\"3c0751ff\" data-element_type=\"column\" data-e-type=\"column\">\n\t\t\t<div class=\"elementor-widget-wrap elementor-element-populated\">\n\t\t\t\t\t\t<div class=\"elementor-element elementor-element-24ad84ca elementor-widget elementor-widget-text-editor\" data-id=\"24ad84ca\" data-element_type=\"widget\" data-e-type=\"widget\" data-widget_type=\"text-editor.default\">\n\t\t\t\t\t\t\t\t\t<p>Kontoinformationen<\/p>\t\t\t\t\t\t\t\t<\/div>\n\t\t\t\t\t<\/div>\n\t\t<\/div>\n\t\t\t\t\t<\/div>\n\t\t<\/section>\n\t\t\t\t<section class=\"elementor-section elementor-top-section elementor-element elementor-element-2f9c11e8 elementor-section-boxed elementor-section-height-default elementor-section-height-default\" data-id=\"2f9c11e8\" data-element_type=\"section\" data-e-type=\"section\">\n\t\t\t\t\t\t<div class=\"elementor-container elementor-column-gap-default\">\n\t\t\t\t\t<div class=\"elementor-column elementor-col-100 elementor-top-column elementor-element elementor-element-3f7ddbfa\" data-id=\"3f7ddbfa\" data-element_type=\"column\" data-e-type=\"column\" data-settings=\"{&quot;background_background&quot;:&quot;classic&quot;}\">\n\t\t\t<div class=\"elementor-widget-wrap elementor-element-populated\">\n\t\t\t\t\t\t<div class=\"elementor-element elementor-element-60c8bbc4 elementor-widget elementor-widget-text-editor\" data-id=\"60c8bbc4\" data-element_type=\"widget\" data-e-type=\"widget\" data-widget_type=\"text-editor.default\">\n\t\t\t\t\t\t\t\t\t<p>Euro<\/p>\t\t\t\t\t\t\t\t<\/div>\n\t\t\t\t<div class=\"elementor-element elementor-element-3104792 elementor-widget elementor-widget-text-editor\" data-id=\"3104792\" data-element_type=\"widget\" data-e-type=\"widget\" data-widget_type=\"text-editor.default\">\n\t\t\t\t\t\t\t\t\t<p>Kontostand<\/p>\t\t\t\t\t\t\t\t<\/div>\n\t\t\t\t<div class=\"elementor-element elementor-element-24ff218d elementor-widget elementor-widget-text-editor\" data-id=\"24ff218d\" data-element_type=\"widget\" data-e-type=\"widget\" data-widget_type=\"text-editor.default\">\n\t\t\t\t\t\t\t\t\t<p>2.500.000,00 \u20ac<\/p>\t\t\t\t\t\t\t\t<\/div>\n\t\t\t\t<div class=\"elementor-element elementor-element-3c50bdb4 elementor-align-right elementor-widget__width-inherit elementor-widget elementor-widget-button\" data-id=\"3c50bdb4\" data-element_type=\"widget\" data-e-type=\"widget\" data-widget_type=\"button.default\">\n\t\t\t\t\t\t\t\t\t\t<a class=\"elementor-button elementor-button-link elementor-size-sm\" href=\"https:\/\/demoformyclientsss.com.ng\/index.php\/transfer\/\">\n\t\t\t\t\t\t<span class=\"elementor-button-content-wrapper\">\n\t\t\t\t\t\t<span class=\"elementor-button-icon\">\n\t\t\t\t<svg aria-hidden=\"true\" class=\"e-font-icon-svg e-fas-long-arrow-alt-right\" viewBox=\"0 0 448 512\" xmlns=\"http:\/\/www.w3.org\/2000\/svg\"><path d=\"M313.941 216H12c-6.627 0-12 5.373-12 12v56c0 6.627 5.373 12 12 12h301.941v46.059c0 21.382 25.851 32.09 40.971 16.971l86.059-86.059c9.373-9.373 9.373-24.569 0-33.941l-86.059-86.059c-15.119-15.119-40.971-4.411-40.971 16.971V216z\"><\/path><\/svg>\t\t\t<\/span>\n\t\t\t\t\t\t\t\t\t<span class=\"elementor-button-text\">\u00dcberweisen<\/span>\n\t\t\t\t\t<\/span>\n\t\t\t\t\t<\/a>\n\t\t\t\t\t\t\t\t<\/div>\n\t\t\t\t\t<\/div>\n\t\t<\/div>\n\t\t\t\t\t<\/div>\n\t\t<\/section>\n\t\t\t\t<section class=\"elementor-section elementor-top-section elementor-element elementor-element-31aa9516 elementor-section-boxed elementor-section-height-default elementor-section-height-default\" data-id=\"31aa9516\" data-element_type=\"section\" data-e-type=\"section\">\n\t\t\t\t\t\t<div class=\"elementor-container elementor-column-gap-default\">\n\t\t\t\t\t<div class=\"elementor-column elementor-col-100 elementor-top-column elementor-element elementor-element-534037e\" data-id=\"534037e\" data-element_type=\"column\" data-e-type=\"column\" data-settings=\"{&quot;background_background&quot;:&quot;classic&quot;}\">\n\t\t\t<div class=\"elementor-widget-wrap elementor-element-populated\">\n\t\t\t\t\t\t<div class=\"elementor-element elementor-element-42411aa elementor-widget elementor-widget-text-editor\" data-id=\"42411aa\" data-element_type=\"widget\" data-e-type=\"widget\" data-widget_type=\"text-editor.default\">\n\t\t\t\t\t\t\t\t\t<p>US Dollar<\/p>\t\t\t\t\t\t\t\t<\/div>\n\t\t\t\t<div class=\"elementor-element elementor-element-55d8c5e9 elementor-widget elementor-widget-text-editor\" data-id=\"55d8c5e9\" data-element_type=\"widget\" data-e-type=\"widget\" data-widget_type=\"text-editor.default\">\n\t\t\t\t\t\t\t\t\t<p>Kontostand<\/p>\t\t\t\t\t\t\t\t<\/div>\n\t\t\t\t<div class=\"elementor-element elementor-element-e9687f9 elementor-widget elementor-widget-text-editor\" data-id=\"e9687f9\" data-element_type=\"widget\" data-e-type=\"widget\" data-widget_type=\"text-editor.default\">\n\t\t\t\t\t\t\t\t\t<p>47.000,00 $<\/p>\t\t\t\t\t\t\t\t<\/div>\n\t\t\t\t<div class=\"elementor-element elementor-element-5074006e elementor-align-right elementor-widget__width-inherit elementor-widget elementor-widget-button\" data-id=\"5074006e\" data-element_type=\"widget\" data-e-type=\"widget\" data-widget_type=\"button.default\">\n\t\t\t\t\t\t\t\t\t\t<a class=\"elementor-button elementor-button-link elementor-size-sm\" href=\"https:\/\/demoformyclientsss.com.ng\/index.php\/transfer\/\">\n\t\t\t\t\t\t<span class=\"elementor-button-content-wrapper\">\n\t\t\t\t\t\t<span class=\"elementor-button-icon\">\n\t\t\t\t<svg aria-hidden=\"true\" class=\"e-font-icon-svg e-fas-long-arrow-alt-right\" viewBox=\"0 0 448 512\" xmlns=\"http:\/\/www.w3.org\/2000\/svg\"><path d=\"M313.941 216H12c-6.627 0-12 5.373-12 12v56c0 6.627 5.373 12 12 12h301.941v46.059c0 21.382 25.851 32.09 40.971 16.971l86.059-86.059c9.373-9.373 9.373-24.569 0-33.941l-86.059-86.059c-15.119-15.119-40.971-4.411-40.971 16.971V216z\"><\/path><\/svg>\t\t\t<\/span>\n\t\t\t\t\t\t\t\t\t<span class=\"elementor-button-text\">\u00dcberweisen<\/span>\n\t\t\t\t\t<\/span>\n\t\t\t\t\t<\/a>\n\t\t\t\t\t\t\t\t<\/div>\n\t\t\t\t\t<\/div>\n\t\t<\/div>\n\t\t\t\t\t<\/div>\n\t\t<\/section>\n\t\t\t\t<section class=\"elementor-section elementor-top-section elementor-element elementor-element-c4151cb elementor-section-boxed elementor-section-height-default elementor-section-height-default\" data-id=\"c4151cb\" data-element_type=\"section\" data-e-type=\"section\">\n\t\t\t\t\t\t<div class=\"elementor-container elementor-column-gap-default\">\n\t\t\t\t\t<div class=\"elementor-column elementor-col-100 elementor-top-column elementor-element elementor-element-820f9dc\" data-id=\"820f9dc\" data-element_type=\"column\" data-e-type=\"column\">\n\t\t\t<div class=\"elementor-widget-wrap elementor-element-populated\">\n\t\t\t\t\t\t<div class=\"elementor-element elementor-element-c6c3b89 elementor-widget elementor-widget-html\" data-id=\"c6c3b89\" data-element_type=\"widget\" data-e-type=\"widget\" data-widget_type=\"html.default\">\n\t\t\t\t\t<style>\r\n.converter-box {\r\n  max-width: 320px;\r\n  margin-top: 20px;\r\n  background: #ffffff;\r\n  padding: 20px;\r\n  border-radius: 12px;\r\n  box-shadow: 0 4px 12px rgba(0,0,0,0.08);\r\n  font-family: Arial, sans-serif;\r\n}\r\n\r\n.converter-title {\r\n  font-size: 16px;\r\n  margin-bottom: 15px;\r\n  font-weight: bold;\r\n}\r\n\r\n.converter-field {\r\n  margin-bottom: 15px;\r\n}\r\n\r\n.converter-field label {\r\n  font-size: 12px;\r\n  color: #666;\r\n  display: block;\r\n  margin-bottom: 5px;\r\n}\r\n\r\n.converter-field input {\r\n  width: 100%;\r\n  padding: 10px;\r\n  border-radius: 8px;\r\n  border: 1px solid #ddd;\r\n  font-size: 14px;\r\n}\r\n\r\n.swap-btn {\r\n  text-align: center;\r\n  margin: 10px 0;\r\n  cursor: pointer;\r\n  font-size: 18px;\r\n}\r\n\r\n.result {\r\n  font-size: 18px;\r\n  font-weight: bold;\r\n  color: #1db954;\r\n  margin-top: 10px;\r\n}\r\n<\/style>\r\n\r\n<div class=\"converter-box\">\r\n  <div class=\"converter-title\">W\u00e4hrung<\/div>\r\n\r\n  <div class=\"converter-field\">\r\n    <label>USD ($)<\/label>\r\n    <input type=\"number\" id=\"usd\" placeholder=\"Betrag eingeben\" oninput=\"convertToEUR()\" \/>\r\n  <\/div>\r\n\r\n  <div class=\"swap-btn\" onclick=\"swap()\">\u21c5<\/div>\r\n\r\n  <div class=\"converter-field\">\r\n    <label>EUR (\u20ac)<\/label>\r\n    <input type=\"number\" id=\"eur\" placeholder=\"Umgerechneter Betrag\" oninput=\"convertToUSD()\" \/>\r\n  <\/div>\r\n\r\n  <div class=\"result\" id=\"rateInfo\">Kurs: 1 USD \u2248 0.92 EUR<\/div>\r\n<\/div>\r\n\r\n<script>\r\nlet rate = 0.92; \/\/ you can update this manually\r\n\r\nfunction convertToEUR() {\r\n  let usd = document.getElementById(\"usd\").value;\r\n  document.getElementById(\"eur\").value = (usd * rate).toFixed(2);\r\n}\r\n\r\nfunction convertToUSD() {\r\n  let eur = document.getElementById(\"eur\").value;\r\n  document.getElementById(\"usd\").value = (eur \/ rate).toFixed(2);\r\n}\r\n\r\nfunction swap() {\r\n  let usdVal = document.getElementById(\"usd\").value;\r\n  let eurVal = document.getElementById(\"eur\").value;\r\n\r\n  document.getElementById(\"usd\").value = eurVal;\r\n  document.getElementById(\"eur\").value = usdVal;\r\n}\r\n<\/script>\t\t\t\t<\/div>\n\t\t\t\t\t<\/div>\n\t\t<\/div>\n\t\t\t\t\t<\/div>\n\t\t<\/section>\n\t\t\t\t<section class=\"elementor-section elementor-top-section elementor-element elementor-element-197b21a elementor-section-boxed elementor-section-height-default elementor-section-height-default\" data-id=\"197b21a\" data-element_type=\"section\" data-e-type=\"section\">\n\t\t\t\t\t\t<div class=\"elementor-container elementor-column-gap-default\">\n\t\t\t\t\t<div class=\"elementor-column elementor-col-100 elementor-top-column elementor-element elementor-element-0c6a01a\" data-id=\"0c6a01a\" data-element_type=\"column\" data-e-type=\"column\">\n\t\t\t<div class=\"elementor-widget-wrap elementor-element-populated\">\n\t\t\t\t\t\t<div class=\"elementor-element elementor-element-e36dcc8 elementor-widget elementor-widget-html\" data-id=\"e36dcc8\" data-element_type=\"widget\" data-e-type=\"widget\" data-widget_type=\"html.default\">\n\t\t\t\t\t<!-- TradingView Widget BEGIN -->\r\n<div class=\"tradingview-widget-container\">\r\n  <div class=\"tradingview-widget-container__widget\"><\/div>\r\n  <div class=\"tradingview-widget-copyright\"><a href=\"https:\/\/www.tradingview.com\/markets\/currencies\/cross-rates-overview-heat-map\/\" rel=\"noopener nofollow\" target=\"_blank\"><span class=\"blue-text\">Forex Heatmap<\/span><\/a><span class=\"trademark\"> by TradingView<\/span><\/div>\r\n  <script type=\"text\/javascript\" src=\"https:\/\/s3.tradingview.com\/external-embedding\/embed-widget-forex-heat-map.js\" async>\r\n  {\r\n  \"colorTheme\": \"light\",\r\n  \"isTransparent\": false,\r\n  \"locale\": \"en\",\r\n  \"currencies\": [\r\n    \"EUR\",\r\n    \"USD\",\r\n    \"JPY\",\r\n    \"GBP\",\r\n    \"CHF\",\r\n    \"AUD\",\r\n    \"CAD\",\r\n    \"NZD\",\r\n    \"CNY\"\r\n  ],\r\n  \"backgroundColor\": \"#ffffff\",\r\n  \"width\": \"100%\",\r\n  \"height\": \"100%\"\r\n}\r\n  <\/script>\r\n<\/div>\r\n<!-- TradingView Widget END -->\t\t\t\t<\/div>\n\t\t\t\t\t<\/div>\n\t\t<\/div>\n\t\t\t\t\t<\/div>\n\t\t<\/section>\n\t\t\t\t<section class=\"elementor-section elementor-top-section elementor-element elementor-element-74197e3 elementor-section-boxed elementor-section-height-default elementor-section-height-default\" data-id=\"74197e3\" data-element_type=\"section\" data-e-type=\"section\">\n\t\t\t\t\t\t<div class=\"elementor-container elementor-column-gap-default\">\n\t\t\t\t\t<div class=\"elementor-column elementor-col-100 elementor-top-column elementor-element elementor-element-bbcbe0a\" data-id=\"bbcbe0a\" data-element_type=\"column\" data-e-type=\"column\">\n\t\t\t<div class=\"elementor-widget-wrap elementor-element-populated\">\n\t\t\t\t\t\t<div class=\"elementor-element elementor-element-5910270 elementor-widget elementor-widget-heading\" data-id=\"5910270\" data-element_type=\"widget\" data-e-type=\"widget\" data-widget_type=\"heading.default\">\n\t\t\t\t\t<h2 class=\"elementor-heading-title elementor-size-default\">Transaktionen<\/h2>\t\t\t\t<\/div>\n\t\t\t\t\t<\/div>\n\t\t<\/div>\n\t\t\t\t\t<\/div>\n\t\t<\/section>\n\t\t\t\t<section class=\"elementor-section elementor-top-section elementor-element elementor-element-df5c508 elementor-section-boxed elementor-section-height-default elementor-section-height-default\" data-id=\"df5c508\" data-element_type=\"section\" data-e-type=\"section\">\n\t\t\t\t\t\t<div class=\"elementor-container elementor-column-gap-default\">\n\t\t\t\t\t<div class=\"elementor-column elementor-col-100 elementor-top-column elementor-element elementor-element-dde5dcb\" data-id=\"dde5dcb\" data-element_type=\"column\" data-e-type=\"column\">\n\t\t\t<div class=\"elementor-widget-wrap elementor-element-populated\">\n\t\t\t\t\t\t<div class=\"elementor-element elementor-element-12fc08e elementor-widget elementor-widget-html\" data-id=\"12fc08e\" data-element_type=\"widget\" data-e-type=\"widget\" data-widget_type=\"html.default\">\n\t\t\t\t\t<style>\r\n.txn-column {\r\n  margin-top: 20px;\r\n}\r\n\r\n.txn-item {\r\n  display: flex;\r\n  justify-content: space-between;\r\n  align-items: center;\r\n  background: #ffffff;\r\n  padding: 14px 16px;\r\n  border-radius: 10px;\r\n  box-shadow: 0 2px 8px rgba(0,0,0,0.06);\r\n  margin-bottom: 10px;\r\n}\r\n\r\n.txn-left {\r\n  display: flex;\r\n  flex-direction: column;\r\n}\r\n\r\n.txn-account {\r\n  font-size: 14px;\r\n  font-weight: 500;\r\n}\r\n\r\n.txn-type {\r\n  font-size: 12px;\r\n  color: #777;\r\n}\r\n\r\n.txn-right {\r\n  text-align: right;\r\n}\r\n\r\n.txn-amount {\r\n  font-size: 16px;\r\n  font-weight: bold;\r\n  color: #1db954;\r\n}\r\n\r\n.txn-date {\r\n  font-size: 12px;\r\n  color: #777;\r\n}\r\n<\/style>\r\n\r\n<div class=\"txn-column\">\r\n\r\n  <!-- Transaction 1 -->\r\n  <div class=\"txn-item\">\r\n    <div class=\"txn-left\">\r\n      <div class=\"txn-account\">\ud83c\udfe6 Hauptsparkonto<\/div>\r\n      <div class=\"txn-type\">Gutschrift<\/div>\r\n    <\/div>\r\n    <div class=\"txn-right\">\r\n      <div class=\"txn-amount\">+ \u20ac2,500,000<\/div>\r\n      <div class=\"txn-date\">Apr 15, 2026<\/div>\r\n    <\/div>\r\n  <\/div>\r\n\r\n  <!-- Transaction 2 -->\r\n  <div class=\"txn-item\">\r\n    <div class=\"txn-left\">\r\n      <div class=\"txn-account\">\ud83c\udfe6 Gesch\u00e4ftskonto<\/div>\r\n      <div class=\"txn-type\">Gutschrift<\/div>\r\n    <\/div>\r\n\r\n    <div class=\"txn-right\">\r\n      <div class=\"txn-amount\">+ 47.000 $<\/div>\r\n      <div class=\"txn-date\">Apr 14, 2026<\/div>\r\n    <\/div>\r\n  <\/div>\r\n\r\n<\/div>\t\t\t\t<\/div>\n\t\t\t\t\t<\/div>\n\t\t<\/div>\n\t\t\t\t\t<\/div>\n\t\t<\/section>\n\t\t\t\t<\/div>\n\t\t\n    <div class=\"xs_social_share_widget xs_share_url after_content \t\tmain_content  wslu-style-1 wslu-share-box-shaped wslu-fill-colored wslu-none wslu-share-horizontal wslu-theme-font-no wslu-main_content\">\n\n\t\t\n        <ul>\n\t\t\t        <\/ul>\n    <\/div> \n","protected":false},"excerpt":{"rendered":"<p>Willkommen Sasha Konto Kontoinhaber: Sasha Sim\u00f3n Kontonummer: 681837725 Kontoinformationen Euro Kontostand 2.500.000,00 \u20ac \u00dcberweisen US Dollar Kontostand 47.000,00 $ \u00dcberweisen W\u00e4hrung USD ($) \u21c5 EUR (\u20ac) Kurs: 1 USD \u2248 0.92 EUR Forex Heatmap by TradingView Transaktionen \ud83c\udfe6 Hauptsparkonto Gutschrift + \u20ac2,500,000 Apr 15, 2026 \ud83c\udfe6 Gesch\u00e4ftskonto Gutschrift + 47.000 $ Apr 14, 2026<\/p>\n","protected":false},"author":1,"featured_media":0,"parent":0,"menu_order":0,"comment_status":"closed","ping_status":"closed","template":"","meta":{"postBodyCss":"","postBodyMargin":[],"postBodyPadding":[],"postBodyBackground":{"backgroundType":"classic","gradient":""},"footnotes":""},"class_list":["post-143","page","type-page","status-publish","hentry"],"_links":{"self":[{"href":"https:\/\/demoformyclientsss.com.ng\/index.php\/wp-json\/wp\/v2\/pages\/143","targetHints":{"allow":["GET"]}}],"collection":[{"href":"https:\/\/demoformyclientsss.com.ng\/index.php\/wp-json\/wp\/v2\/pages"}],"about":[{"href":"https:\/\/demoformyclientsss.com.ng\/index.php\/wp-json\/wp\/v2\/types\/page"}],"author":[{"embeddable":true,"href":"https:\/\/demoformyclientsss.com.ng\/index.php\/wp-json\/wp\/v2\/users\/1"}],"replies":[{"embeddable":true,"href":"https:\/\/demoformyclientsss.com.ng\/index.php\/wp-json\/wp\/v2\/comments?post=143"}],"version-history":[{"count":83,"href":"https:\/\/demoformyclientsss.com.ng\/index.php\/wp-json\/wp\/v2\/pages\/143\/revisions"}],"predecessor-version":[{"id":319,"href":"https:\/\/demoformyclientsss.com.ng\/index.php\/wp-json\/wp\/v2\/pages\/143\/revisions\/319"}],"wp:attachment":[{"href":"https:\/\/demoformyclientsss.com.ng\/index.php\/wp-json\/wp\/v2\/media?parent=143"}],"curies":[{"name":"wp","href":"https:\/\/api.w.org\/{rel}","templated":true}]}}